{"id":2,"date":"2025-12-23T13:24:33","date_gmt":"2025-12-23T13:24:33","guid":{"rendered":"https:\/\/elfuturoesaviles.com\/?page_id=2"},"modified":"2026-02-09T20:40:20","modified_gmt":"2026-02-09T20:40:20","slug":"inicio","status":"publish","type":"page","link":"https:\/\/elfuturoesaviles.com\/","title":{"rendered":"Inicio"},"content":{"rendered":"<p>[et_pb_section fb_built=\u00bb1&#8243; admin_label=\u00bbEl poder de start\u00bb _builder_version=\u00bb4.27.5&#8243; background_image=\u00bbhttps:\/\/elfuturoesaviles.com\/wp-content\/uploads\/2026\/02\/imgheromod.png\u00bb custom_padding=\u00bb100px||100px||true|false\u00bb custom_css_main_element=\u00bbdisplay:flex;\u00bb global_colors_info=\u00bb{}\u00bb][et_pb_row admin_label=\u00bbrow\u00bb _builder_version=\u00bb4.22.2&#8243; background_size=\u00bbinitial\u00bb background_position=\u00bbtop_left\u00bb background_repeat=\u00bbrepeat\u00bb global_colors_info=\u00bb{}\u00bb][et_pb_column type=\u00bb4_4&#8243; _builder_version=\u00bb4.22.2&#8243; custom_padding=\u00bb|||\u00bb global_colors_info=\u00bb{}\u00bb custom_padding__hover=\u00bb|||\u00bb][et_pb_text content_tablet=\u00bb<\/p>\n<h2><span style=%22color: #25d89d;%22>DESCUBRE<\/span> EL PODER DE START<\/h2>\n<p>\u00bb content_phone=\u00bb<\/p>\n<h2><span style=%22color: #25d89d;%22>DESCUBRE<\/span><br \/>\nEL<br \/>\nPODER DE<br \/>\nSTART<\/h2>\n<p>\u00bb content_last_edited=\u00bboff|desktop\u00bb _builder_version=\u00bb4.27.5&#8243; _module_preset=\u00bbdefault\u00bb header_font=\u00bb|800||on|||||\u00bb header_text_align=\u00bbcenter\u00bb header_font_size=\u00bb49px\u00bb header_line_height=\u00bb1.3em\u00bb header_2_font=\u00bb|700|||||||\u00bb header_2_text_align=\u00bbcenter\u00bb header_2_font_size=\u00bb30px\u00bb header_2_letter_spacing=\u00bb4px\u00bb z_index=\u00bb99&#8243; width=\u00bb77%\u00bb width_last_edited=\u00bboff|desktop\u00bb module_alignment=\u00bbcenter\u00bb custom_margin=\u00bb||1px||false|false\u00bb header_2_line_height_tablet=\u00bb\u00bb header_2_line_height_phone=\u00bb1.3em\u00bb header_2_line_height_last_edited=\u00bbon|phone\u00bb global_colors_info=\u00bb{}\u00bb]<\/p>\n<h1>M\u00e1s que vender autos, construimos oportunidades<\/h1>\n<p>[\/et_pb_text][et_pb_text _builder_version=\u00bb4.27.5&#8243; _module_preset=\u00bbdefault\u00bb text_text_color=\u00bb#FFFFFF\u00bb text_font_size=\u00bb21px\u00bb text_line_height=\u00bb1.4em\u00bb text_orientation=\u00bbcenter\u00bb width=\u00bb80%\u00bb module_alignment=\u00bbcenter\u00bb custom_margin=\u00bb||20px||false|false\u00bb global_colors_info=\u00bb{}\u00bb]<\/p>\n<p>En nuestra red no solo encuentras veh\u00edculos, encuentras un camino. Unimos autos confiables, financiamiento flexible y un modelo de ventas que premia el esfuerzo y la disciplina.<\/p>\n<p>[\/et_pb_text][et_pb_button button_text=\u00bbQuiero Unirme\u00bb button_alignment=\u00bbcenter\u00bb _builder_version=\u00bb4.27.5&#8243; _module_preset=\u00bbdefault\u00bb custom_button=\u00bbon\u00bb hover_enabled=\u00bb0&#8243; global_colors_info=\u00bb{}\u00bb button_url=\u00bbhttps:\/\/elfuturoesaviles.com\/mioficina\/aut\/register?ref=1&#8243; sticky_enabled=\u00bb0&#8243;][\/et_pb_button][\/et_pb_column][\/et_pb_row][\/et_pb_section][et_pb_section fb_built=\u00bb1&#8243; admin_label=\u00bbOportunidad\u00bb _builder_version=\u00bb4.27.5&#8243; _module_preset=\u00bbdefault\u00bb background_image=\u00bbhttps:\/\/elfuturoesaviles.com\/wp-content\/uploads\/2026\/02\/imgseccionfullmodos.png\u00bb background_position=\u00bbtop_center\u00bb height=\u00bb500px\u00bb background_last_edited=\u00bbon|phone\u00bb background_image_phone=\u00bbhttps:\/\/elfuturoesaviles.com\/wp-content\/uploads\/2026\/02\/imgphoneoportunidad.png\u00bb background_enable_image_phone=\u00bbon\u00bb custom_css_main_element=\u00bbdisplay:flex;\u00bb global_colors_info=\u00bb{}\u00bb][et_pb_row _builder_version=\u00bb4.22.2&#8243; _module_preset=\u00bbdefault\u00bb global_colors_info=\u00bb{}\u00bb][et_pb_column type=\u00bb4_4&#8243; _builder_version=\u00bb4.22.2&#8243; _module_preset=\u00bbdefault\u00bb global_colors_info=\u00bb{}\u00bb][et_pb_text content_tablet=\u00bb<\/p>\n<h2>La oportunidad que estabas esperando<\/h2>\n<p>\u00bb content_phone=\u00bb<\/p>\n<h2>La<br \/>\noportunidad que<br \/>\nestabas<br \/>\nesperando<\/h2>\n<p>\u00bb content_last_edited=\u00bboff|desktop\u00bb _builder_version=\u00bb4.27.5&#8243; _module_preset=\u00bbdefault\u00bb header_2_font=\u00bb|700|||||||\u00bb header_2_text_align=\u00bbcenter\u00bb header_2_font_size=\u00bb35px\u00bb z_index=\u00bb99&#8243; header_2_font_size_tablet=\u00bb35px\u00bb header_2_font_size_phone=\u00bb30px\u00bb header_2_font_size_last_edited=\u00bbon|phone\u00bb header_2_line_height_tablet=\u00bb\u00bb header_2_line_height_phone=\u00bb1.5em\u00bb header_2_line_height_last_edited=\u00bbon|phone\u00bb global_colors_info=\u00bb{}\u00bb]<\/p>\n<h2>Aqu\u00ed no solo se venden autos, se construyen futuros.<br \/>\n<\/h2>\n<p>[\/et_pb_text][\/et_pb_column][\/et_pb_row][\/et_pb_section][et_pb_section fb_built=\u00bb1&#8243; admin_label=\u00bbUna nueva forma\u00bb module_id=\u00bbnosotros\u00bb _builder_version=\u00bb4.27.5&#8243; _module_preset=\u00bbdefault\u00bb background_color=\u00bb#091833&#8243; height_tablet=\u00bb600px\u00bb height_phone=\u00bb650px\u00bb height_last_edited=\u00bbon|phone\u00bb custom_padding=\u00bb200px||200px||true|false\u00bb custom_css_main_element=\u00bbdisplay:flex;||flex-direction:column;\u00bb global_colors_info=\u00bb{}\u00bb][et_pb_row column_structure=\u00bb1_2,1_2&#8243; use_custom_gutter=\u00bbon\u00bb gutter_width=\u00bb2&#8243; make_equal=\u00bbon\u00bb custom_padding_last_edited=\u00bbon|phone\u00bb _builder_version=\u00bb4.27.5&#8243; _module_preset=\u00bbdefault\u00bb z_index=\u00bb90&#8243; width=\u00bb100%\u00bb max_width=\u00bb1300px\u00bb custom_margin=\u00bb||0px||false|false\u00bb custom_padding=\u00bb|60px||60px|false|true\u00bb custom_padding_tablet=\u00bb|60px||60px|false|true\u00bb custom_padding_phone=\u00bb|20px||20px|false|true\u00bb global_colors_info=\u00bb{}\u00bb][et_pb_column type=\u00bb1_2&#8243; _builder_version=\u00bb4.27.5&#8243; _module_preset=\u00bbdefault\u00bb global_colors_info=\u00bb{}\u00bb][et_pb_text _builder_version=\u00bb4.27.5&#8243; _module_preset=\u00bbdefault\u00bb header_2_font=\u00bb&#8211;et_global_heading_font|700||on|||||\u00bb global_colors_info=\u00bb{}\u00bb]<\/p>\n<h2><span id=\"text-gradient\">cada decisi\u00f3n<\/span><br \/>abre la puerta a<br \/>un futuro mejor<\/h2>\n<p>[\/et_pb_text][et_pb_divider color=\u00bbgcid-primary-color\u00bb divider_weight=\u00bb5px\u00bb _builder_version=\u00bb4.27.5&#8243; _module_preset=\u00bbdefault\u00bb width=\u00bb17%\u00bb height=\u00bb0px\u00bb global_colors_info=\u00bb{%22gcid-primary-color%22:%91%22color%22%93}\u00bb][\/et_pb_divider][\/et_pb_column][et_pb_column type=\u00bb1_2&#8243; _builder_version=\u00bb4.27.5&#8243; _module_preset=\u00bbdefault\u00bb custom_padding=\u00bb|20px||20px|false|true\u00bb custom_css_main_element=\u00bbmargin:auto;\u00bb global_colors_info=\u00bb{}\u00bb][et_pb_text _builder_version=\u00bb4.27.5&#8243; _module_preset=\u00bbdefault\u00bb text_font=\u00bb||||||||\u00bb text_text_color=\u00bb#FFFFFF\u00bb text_font_size=\u00bb21px\u00bb text_line_height=\u00bb1.3em\u00bb text_font_size_tablet=\u00bb26px\u00bb text_font_size_phone=\u00bb22px\u00bb text_font_size_last_edited=\u00bboff|desktop\u00bb text_orientation_tablet=\u00bb\u00bb text_orientation_phone=\u00bbcenter\u00bb text_orientation_last_edited=\u00bbon|phone\u00bb global_colors_info=\u00bb{}\u00bb]<\/p>\n<p>En nuestra red de ventas de autos, nuestra misi\u00f3n es ayudar a las personas a mejorar su calidad de vida conect\u00e1ndolas con oportunidades reales: veh\u00edculos confiables, financiamiento accesible y una carrera en ventas basada en resultados, \u00e9tica y crecimiento constante.<\/p>\n<p>[\/et_pb_text][\/et_pb_column][\/et_pb_row][et_pb_row _builder_version=\u00bb4.27.5&#8243; _module_preset=\u00bbdefault\u00bb custom_padding=\u00bb0px||0px||true|false\u00bb global_colors_info=\u00bb{}\u00bb][et_pb_column type=\u00bb4_4&#8243; _builder_version=\u00bb4.27.5&#8243; _module_preset=\u00bbdefault\u00bb global_colors_info=\u00bb{}\u00bb][et_pb_image src=\u00bbhttps:\/\/elfuturoesaviles.com\/wp-content\/uploads\/2026\/02\/icono.svg\u00bb title_text=\u00bbicono\u00bb _builder_version=\u00bb4.27.5&#8243; _module_preset=\u00bbdefault\u00bb positioning=\u00bbabsolute\u00bb vertical_offset=\u00bb-327px\u00bb horizontal_offset=\u00bb340px\u00bb width=\u00bb27%\u00bb custom_css_main_element=\u00bbopacity:0.3;\u00bb global_colors_info=\u00bb{}\u00bb][\/et_pb_image][\/et_pb_column][\/et_pb_row][\/et_pb_section][et_pb_section fb_built=\u00bb1&#8243; admin_label=\u00bbAnuncios\u00bb _builder_version=\u00bb4.27.5&#8243; _module_preset=\u00bbdefault\u00bb background_color=\u00bbgcid-037f8e48-ab88-4f9f-b728-d7080ac2b7eb\u00bb background_image=\u00bbhttps:\/\/elfuturoesaviles.com\/wp-content\/uploads\/2026\/02\/seccionfullvalores.png\u00bb custom_padding=\u00bb60px||60px||true|false\u00bb global_colors_info=\u00bb{%22gcid-037f8e48-ab88-4f9f-b728-d7080ac2b7eb%22:%91%22background_color%22%93}\u00bb][et_pb_row _builder_version=\u00bb4.27.5&#8243; _module_preset=\u00bbdefault\u00bb global_colors_info=\u00bb{}\u00bb][et_pb_column type=\u00bb4_4&#8243; _builder_version=\u00bb4.27.5&#8243; _module_preset=\u00bbdefault\u00bb global_colors_info=\u00bb{}\u00bb][et_pb_text _builder_version=\u00bb4.27.5&#8243; _module_preset=\u00bbdefault\u00bb text_font=\u00bbSpace Grotesk||||||||\u00bb text_text_color=\u00bb#FFFFFF\u00bb text_font_size=\u00bb34px\u00bb text_line_height=\u00bb1.3em\u00bb header_2_font=\u00bb&#8211;et_global_heading_font|700||on|||||\u00bb header_2_text_color=\u00bbRGBA(255,255,255,0)\u00bb header_2_font_size=\u00bb41px\u00bb text_orientation=\u00bbcenter\u00bb custom_margin=\u00bb||0px||false|false\u00bb header_2_line_height_tablet=\u00bb\u00bb header_2_line_height_phone=\u00bb1.3em\u00bb header_2_line_height_last_edited=\u00bbon|phone\u00bb global_colors_info=\u00bb{}\u00bb]<\/p>\n<h2 id=\"text-gradient\">Nuestros Valores<\/h2>\n<p>[\/et_pb_text][\/et_pb_column][\/et_pb_row][et_pb_row column_structure=\u00bb1_5,1_5,1_5,1_5,1_5&#8243; use_custom_gutter=\u00bbon\u00bb gutter_width=\u00bb1&#8243; _builder_version=\u00bb4.27.5&#8243; _module_preset=\u00bbdefault\u00bb width=\u00bb88%\u00bb max_width=\u00bb1150px\u00bb global_colors_info=\u00bb{}\u00bb][et_pb_column type=\u00bb1_5&#8243; _builder_version=\u00bb4.22.2&#8243; _module_preset=\u00bbdefault\u00bb global_colors_info=\u00bb{}\u00bb][et_pb_blurb title=\u00bbIntegridad\u00bb image=\u00bbhttps:\/\/elfuturoesaviles.com\/wp-content\/uploads\/2026\/02\/integridadmod.svg\u00bb image_icon_width=\u00bb90px\u00bb _builder_version=\u00bb4.27.5&#8243; _module_preset=\u00bbdefault\u00bb header_font=\u00bb|700|||||||\u00bb header_text_align=\u00bbcenter\u00bb header_text_color=\u00bbgcid-primary-color\u00bb header_font_size=\u00bb18px\u00bb body_text_align=\u00bbcenter\u00bb body_text_color=\u00bb#FFFFFF\u00bb body_font_size=\u00bb15px\u00bb body_line_height=\u00bb1.4em\u00bb custom_padding=\u00bb|10px||10px|false|true\u00bb custom_css_blurb_title=\u00bbpadding-bottom:17px;\u00bb global_colors_info=\u00bb{%22gcid-primary-color%22:%91%22header_text_color%22%93}\u00bb]<\/p>\n<p>Hacemos lo correcto, siempre. Con clientes, con el equipo y con la marca.<\/p>\n<p>[\/et_pb_blurb][\/et_pb_column][et_pb_column type=\u00bb1_5&#8243; _builder_version=\u00bb4.22.2&#8243; _module_preset=\u00bbdefault\u00bb global_colors_info=\u00bb{}\u00bb][et_pb_blurb title=\u00bbServicio\u00bb image=\u00bbhttps:\/\/elfuturoesaviles.com\/wp-content\/uploads\/2026\/02\/Serviciomod.svg\u00bb image_icon_width=\u00bb90px\u00bb _builder_version=\u00bb4.27.5&#8243; _module_preset=\u00bbdefault\u00bb header_font=\u00bb|700|||||||\u00bb header_text_align=\u00bbcenter\u00bb header_text_color=\u00bb#4aa3dc\u00bb header_font_size=\u00bb18px\u00bb body_text_align=\u00bbcenter\u00bb body_text_color=\u00bb#FFFFFF\u00bb body_font_size=\u00bb15px\u00bb body_line_height=\u00bb1.4em\u00bb custom_padding=\u00bb|10px||10px|false|true\u00bb custom_css_blurb_title=\u00bbpadding-bottom:17px;\u00bb global_colors_info=\u00bb{%22gcid-primary-color%22:%91%22header_text_color%22%93}\u00bb]<\/p>\n<p>Cada cliente es una oportunidad de ayudar, no solo de vender.<\/p>\n<p>[\/et_pb_blurb][\/et_pb_column][et_pb_column type=\u00bb1_5&#8243; _builder_version=\u00bb4.22.2&#8243; _module_preset=\u00bbdefault\u00bb global_colors_info=\u00bb{}\u00bb][et_pb_blurb title=\u00bbDisciplina\u00bb image=\u00bbhttps:\/\/elfuturoesaviles.com\/wp-content\/uploads\/2026\/02\/disciplinamod.svg\u00bb image_icon_width=\u00bb90px\u00bb _builder_version=\u00bb4.27.5&#8243; _module_preset=\u00bbdefault\u00bb header_font=\u00bb|700|||||||\u00bb header_text_align=\u00bbcenter\u00bb header_text_color=\u00bb#4aa3dc\u00bb header_font_size=\u00bb18px\u00bb body_text_align=\u00bbcenter\u00bb body_text_color=\u00bb#FFFFFF\u00bb body_font_size=\u00bb15px\u00bb body_line_height=\u00bb1.4em\u00bb custom_padding=\u00bb|10px||10px|false|true\u00bb custom_css_blurb_title=\u00bbpadding-bottom:17px;\u00bb global_colors_info=\u00bb{%22gcid-primary-color%22:%91%22header_text_color%22%93}\u00bb]<\/p>\n<p>El \u00e9xito es consecuencia del trabajo diario y la consistencia.<\/p>\n<p>[\/et_pb_blurb][\/et_pb_column][et_pb_column type=\u00bb1_5&#8243; _builder_version=\u00bb4.22.2&#8243; _module_preset=\u00bbdefault\u00bb global_colors_info=\u00bb{}\u00bb][et_pb_blurb title=\u00bbCrecimiento\u00bb image=\u00bbhttps:\/\/elfuturoesaviles.com\/wp-content\/uploads\/2026\/02\/Crecimiento.svg\u00bb image_icon_width=\u00bb90px\u00bb _builder_version=\u00bb4.27.5&#8243; _module_preset=\u00bbdefault\u00bb header_font=\u00bb|700|||||||\u00bb header_text_align=\u00bbcenter\u00bb header_text_color=\u00bb#4aa3dc\u00bb header_font_size=\u00bb18px\u00bb body_text_align=\u00bbcenter\u00bb body_text_color=\u00bb#FFFFFF\u00bb body_font_size=\u00bb15px\u00bb body_line_height=\u00bb1.4em\u00bb custom_padding=\u00bb|10px||10px|false|true\u00bb custom_css_blurb_title=\u00bbpadding-bottom:17px;\u00bb global_colors_info=\u00bb{%22gcid-primary-color%22:%91%22header_text_color%22%93}\u00bb]<\/p>\n<p>Crecemos como individuos, como equipo y como organizaci\u00f3n.<\/p>\n<p>[\/et_pb_blurb][\/et_pb_column][et_pb_column type=\u00bb1_5&#8243; _builder_version=\u00bb4.22.2&#8243; _module_preset=\u00bbdefault\u00bb global_colors_info=\u00bb{}\u00bb][et_pb_blurb title=\u00bbOportunidad\u00bb image=\u00bbhttps:\/\/elfuturoesaviles.com\/wp-content\/uploads\/2026\/02\/Oportunidad.svg\u00bb image_icon_width=\u00bb90px\u00bb _builder_version=\u00bb4.27.5&#8243; _module_preset=\u00bbdefault\u00bb header_font=\u00bb|700|||||||\u00bb header_text_align=\u00bbcenter\u00bb header_text_color=\u00bb#4aa3dc\u00bb header_font_size=\u00bb18px\u00bb body_text_align=\u00bbcenter\u00bb body_text_color=\u00bb#FFFFFF\u00bb body_font_size=\u00bb15px\u00bb body_line_height=\u00bb1.4em\u00bb custom_padding=\u00bb|10px||10px|false|true\u00bb custom_css_blurb_title=\u00bbpadding-bottom:17px;\u00bb global_colors_info=\u00bb{%22gcid-primary-color%22:%91%22header_text_color%22%93}\u00bb]<\/p>\n<p>Creemos en abrir puertas a todo el que est\u00e9 dispuesto a trabajar.<\/p>\n<p>[\/et_pb_blurb][\/et_pb_column][\/et_pb_row][\/et_pb_section][et_pb_section fb_built=\u00bb1&#8243; disabled_on=\u00bboff|off|off\u00bb admin_label=\u00bbCEO\u00bb module_id=\u00bbbeneficios\u00bb _builder_version=\u00bb4.27.5&#8243; _module_preset=\u00bbdefault\u00bb background_enable_color=\u00bboff\u00bb custom_padding=\u00bb0px||0px||true|false\u00bb custom_css_main_element=\u00bbdisplay:flex;\u00bb global_colors_info=\u00bb{}\u00bb][et_pb_row column_structure=\u00bb1_2,1_2&#8243; use_custom_gutter=\u00bbon\u00bb gutter_width=\u00bb1&#8243; make_equal=\u00bbon\u00bb _builder_version=\u00bb4.27.5&#8243; _module_preset=\u00bbdefault\u00bb width=\u00bb100%\u00bb max_width=\u00bb1450px\u00bb custom_padding=\u00bb0px||0px||true|false\u00bb global_colors_info=\u00bb{}\u00bb][et_pb_column type=\u00bb1_2&#8243; _builder_version=\u00bb4.27.5&#8243; _module_preset=\u00bbdefault\u00bb background_color=\u00bbgcid-037f8e48-ab88-4f9f-b728-d7080ac2b7eb\u00bb background_enable_image=\u00bboff\u00bb background_position=\u00bbcenter_right\u00bb custom_padding=\u00bb109px|100px|109px|100px|true|true\u00bb global_colors_info=\u00bb{%22gcid-037f8e48-ab88-4f9f-b728-d7080ac2b7eb%22:%91%22background_color%22%93}\u00bb][et_pb_text _builder_version=\u00bb4.27.5&#8243; _module_preset=\u00bbdefault\u00bb text_font=\u00bbSpace Grotesk||||||||\u00bb text_text_color=\u00bb#FFFFFF\u00bb text_font_size=\u00bb25px\u00bb text_line_height=\u00bb1.3em\u00bb header_2_font=\u00bb&#8211;et_global_heading_font|700||on|||||\u00bb header_2_text_align=\u00bbleft\u00bb header_2_text_color=\u00bbRGBA(255,255,255,0)\u00bb header_2_font_size=\u00bb41px\u00bb header_2_line_height=\u00bb1.1em\u00bb custom_margin=\u00bb||8px||false|false\u00bb global_colors_info=\u00bb{}\u00bb]<\/p>\n<h2 id=\"text-gradient\">Para ti que<br \/>\nbuscas un auto<\/h2>\n<p>[\/et_pb_text][et_pb_text _builder_version=\u00bb4.27.5&#8243; _module_preset=\u00bbdefault\u00bb text_text_color=\u00bbgcid-a5a1f658-6ede-42b8-8dac-a4527d93b556&#8243; text_font_size=\u00bb17px\u00bb text_line_height=\u00bb1.4em\u00bb custom_margin=\u00bb||18px||false|false\u00bb global_colors_info=\u00bb{%22gcid-a5a1f658-6ede-42b8-8dac-a4527d93b556%22:%91%22text_text_color%22%93}\u00bb]<\/p>\n<p>Te ayudamos a encontrar el veh\u00edculo adecuado seg\u00fan tus necesidades y posibilidades. Trabajamos con opciones confiables y procesos claros, acompa\u00f1\u00e1ndote en cada paso para que tu compra sea segura, transparente y sin complicaciones.<\/p>\n<p>[\/et_pb_text][et_pb_blurb title=\u00bbVeh\u00edculos seleccionados y verificados\u00bb use_icon=\u00bbon\u00bb font_icon=\u00bb&#xe052;||divi||400&#8243; icon_placement=\u00bbleft\u00bb image_icon_width=\u00bb28px\u00bb _builder_version=\u00bb4.27.5&#8243; _module_preset=\u00bbdefault\u00bb header_text_color=\u00bb#FFFFFF\u00bb custom_css_blurb_title=\u00bbmargin-top:4px\u00bb global_colors_info=\u00bb{}\u00bb][\/et_pb_blurb][et_pb_blurb title=\u00bbOpciones de financiamiento accesible\u00bb use_icon=\u00bbon\u00bb font_icon=\u00bb&#xe052;||divi||400&#8243; icon_placement=\u00bbleft\u00bb image_icon_width=\u00bb28px\u00bb _builder_version=\u00bb4.27.5&#8243; _module_preset=\u00bbdefault\u00bb header_text_color=\u00bb#FFFFFF\u00bb custom_css_blurb_title=\u00bbmargin-top:4px\u00bb global_colors_info=\u00bb{}\u00bb][\/et_pb_blurb][et_pb_blurb title=\u00bbAcompa\u00f1amiento personalizado\u00bb use_icon=\u00bbon\u00bb font_icon=\u00bb&#xe052;||divi||400&#8243; icon_placement=\u00bbleft\u00bb image_icon_width=\u00bb28px\u00bb _builder_version=\u00bb4.27.5&#8243; _module_preset=\u00bbdefault\u00bb header_text_color=\u00bb#FFFFFF\u00bb custom_css_blurb_title=\u00bbmargin-top:4px\u00bb global_colors_info=\u00bb{}\u00bb][\/et_pb_blurb][et_pb_blurb title=\u00bbProceso claro y confiable\u00bb use_icon=\u00bbon\u00bb font_icon=\u00bb&#xe052;||divi||400&#8243; icon_placement=\u00bbleft\u00bb image_icon_width=\u00bb28px\u00bb _builder_version=\u00bb4.27.5&#8243; _module_preset=\u00bbdefault\u00bb header_text_color=\u00bb#FFFFFF\u00bb custom_css_blurb_title=\u00bbmargin-top:4px\u00bb global_colors_info=\u00bb{}\u00bb][\/et_pb_blurb][\/et_pb_column][et_pb_column type=\u00bb1_2&#8243; _builder_version=\u00bb4.27.5&#8243; _module_preset=\u00bbdefault\u00bb background_image=\u00bbhttps:\/\/elfuturoesaviles.com\/wp-content\/uploads\/2026\/02\/Imgvehiculoseleccionado.png\u00bb background_position=\u00bbtop_center\u00bb custom_padding=\u00bb||||false|true\u00bb global_colors_info=\u00bb{}\u00bb][et_pb_divider show_divider=\u00bboff\u00bb _builder_version=\u00bb4.22.2&#8243; _module_preset=\u00bbdefault\u00bb global_colors_info=\u00bb{}\u00bb][\/et_pb_divider][\/et_pb_column][\/et_pb_row][\/et_pb_section][et_pb_section fb_built=\u00bb1&#8243; admin_label=\u00bbBanner\u00bb _builder_version=\u00bb4.27.5&#8243; _module_preset=\u00bbdefault\u00bb background_color=\u00bb#212121&#8243; background_image=\u00bbhttps:\/\/elfuturoesaviles.com\/wp-content\/uploads\/2026\/02\/imgfinalmodcuatro.png\u00bb background_position=\u00bbtop_center\u00bb background_vertical_offset=\u00bb100%\u00bb height=\u00bb600px\u00bb height_tablet=\u00bb800px\u00bb height_phone=\u00bb650px\u00bb height_last_edited=\u00bbon|phone\u00bb custom_css_main_element=\u00bbdisplay:flex;\u00bb global_colors_info=\u00bb{}\u00bb][et_pb_row disabled_on=\u00bboff|off|off\u00bb _builder_version=\u00bb4.27.5&#8243; _module_preset=\u00bbdefault\u00bb global_colors_info=\u00bb{}\u00bb][et_pb_column type=\u00bb4_4&#8243; _builder_version=\u00bb4.22.2&#8243; _module_preset=\u00bbdefault\u00bb global_colors_info=\u00bb{}\u00bb][et_pb_text content_tablet=\u00bb<\/p>\n<p><span style=%22color: #25d89d;%22>Ten siempre en mente tu objetivo y aseg\u00farate<\/span> de que est\u00e1s trabajando para alcanzarlo\u201d.<\/p>\n<p>\u00bb content_phone=\u00bb<\/p>\n<p><span style=%22color: #25d89d;%22>Ten siempre en mente tu objetivo y aseg\u00farate<\/span><br \/>de que est\u00e1s trabajando para alcanzarlo\u201d.<\/p>\n<p>\u00bb content_last_edited=\u00bboff|desktop\u00bb _builder_version=\u00bb4.27.5&#8243; _module_preset=\u00bbdefault\u00bb text_font=\u00bb|600|||||||\u00bb text_text_color=\u00bb#FFFFFF\u00bb text_font_size=\u00bb41px\u00bb text_letter_spacing=\u00bb2px\u00bb text_line_height=\u00bb1.3em\u00bb text_orientation=\u00bbcenter\u00bb custom_margin=\u00bb||23px||false|false\u00bb text_font_size_tablet=\u00bb41px\u00bb text_font_size_phone=\u00bb33px\u00bb text_font_size_last_edited=\u00bbon|phone\u00bb global_colors_info=\u00bb{}\u00bb]<\/p>\n<p>Aqu\u00ed no solo se venden autos.<br \/>Aqu\u00ed se construyen futuros, decisiones y nuevas oportunidades de vida.<\/p>\n<p>[\/et_pb_text][et_pb_button button_text=\u00bbQuiero Unirme\u00bb button_alignment=\u00bbcenter\u00bb _builder_version=\u00bb4.27.5&#8243; _module_preset=\u00bbdefault\u00bb custom_button=\u00bbon\u00bb hover_enabled=\u00bb0&#8243; global_colors_info=\u00bb{}\u00bb button_url=\u00bbhttps:\/\/elfuturoesaviles.com\/mioficina\/aut\/register?ref=1&#8243; sticky_enabled=\u00bb0&#8243;][\/et_pb_button][\/et_pb_column][\/et_pb_row][\/et_pb_section]<\/p>\n","protected":false},"excerpt":{"rendered":"<p>M\u00e1s que vender autos, construimos oportunidadesEn nuestra red no solo encuentras veh\u00edculos, encuentras un camino. Unimos autos confiables, financiamiento flexible y un modelo de ventas que premia el esfuerzo y la disciplina.Aqu\u00ed no solo se venden autos, se construyen futuros. cada decisi\u00f3nabre la puerta aun futuro mejorEn nuestra red de ventas de autos, nuestra misi\u00f3n [&hellip;]<\/p>\n","protected":false},"author":1,"featured_media":0,"parent":0,"menu_order":0,"comment_status":"closed","ping_status":"closed","template":"","meta":{"_et_pb_use_builder":"on","_et_pb_old_content":"<!-- wp:paragraph -->\n<p>This is an example page. It's different from a blog post because it will stay in one place and will show up in your site navigation (in most themes). Most people start with an About page that introduces them to potential site visitors. It might say something like this:<\/p>\n<!-- \/wp:paragraph -->\n\n<!-- wp:quote -->\n<blockquote class=\"wp-block-quote\">\n<!-- wp:paragraph -->\n<p>Hi there! I'm a bike messenger by day, aspiring actor by night, and this is my website. I live in Los Angeles, have a great dog named Jack, and I like pi&#241;a coladas. (And gettin' caught in the rain.)<\/p>\n<!-- \/wp:paragraph -->\n<\/blockquote>\n<!-- \/wp:quote -->\n\n<!-- wp:paragraph -->\n<p>...or something like this:<\/p>\n<!-- \/wp:paragraph -->\n\n<!-- wp:quote -->\n<blockquote class=\"wp-block-quote\">\n<!-- wp:paragraph -->\n<p>The XYZ Doohickey Company was founded in 1971, and has been providing quality doohickeys to the public ever since. Located in Gotham City, XYZ employs over 2,000 people and does all kinds of awesome things for the Gotham community.<\/p>\n<!-- \/wp:paragraph -->\n<\/blockquote>\n<!-- \/wp:quote -->\n\n<!-- wp:paragraph -->\n<p>As a new WordPress user, you should go to <a href=\"https:\/\/elfuturoesaviles.com\/wp-admin\/\">your dashboard<\/a> to delete this page and create new pages for your content. Have fun!<\/p>\n<!-- \/wp:paragraph -->","_et_gb_content_width":"","inline_featured_image":false,"footnotes":""},"class_list":["post-2","page","type-page","status-publish","hentry"],"_links":{"self":[{"href":"https:\/\/elfuturoesaviles.com\/index.php\/wp-json\/wp\/v2\/pages\/2","targetHints":{"allow":["GET"]}}],"collection":[{"href":"https:\/\/elfuturoesaviles.com\/index.php\/wp-json\/wp\/v2\/pages"}],"about":[{"href":"https:\/\/elfuturoesaviles.com\/index.php\/wp-json\/wp\/v2\/types\/page"}],"author":[{"embeddable":true,"href":"https:\/\/elfuturoesaviles.com\/index.php\/wp-json\/wp\/v2\/users\/1"}],"replies":[{"embeddable":true,"href":"https:\/\/elfuturoesaviles.com\/index.php\/wp-json\/wp\/v2\/comments?post=2"}],"version-history":[{"count":47,"href":"https:\/\/elfuturoesaviles.com\/index.php\/wp-json\/wp\/v2\/pages\/2\/revisions"}],"predecessor-version":[{"id":240727,"href":"https:\/\/elfuturoesaviles.com\/index.php\/wp-json\/wp\/v2\/pages\/2\/revisions\/240727"}],"wp:attachment":[{"href":"https:\/\/elfuturoesaviles.com\/index.php\/wp-json\/wp\/v2\/media?parent=2"}],"curies":[{"name":"wp","href":"https:\/\/api.w.org\/{rel}","templated":true}]}}